{"id":433,"date":"2023-01-26T10:55:03","date_gmt":"2023-01-26T10:55:03","guid":{"rendered":"http:\/\/recadercardenas.com\/?page_id=433"},"modified":"2023-04-13T15:08:33","modified_gmt":"2023-04-13T15:08:33","slug":"politica-de-cookies","status":"publish","type":"page","link":"https:\/\/recadercardenas.com\/?page_id=433","title":{"rendered":"Pol\u00edtica de cookies"},"content":{"rendered":"\n<p>Aquest lloc web utilitza cookies pr\u00f2pies i de tercers per a oferir-li una millor experi\u00e8ncia i servei. En navegar o utilitzar els nostres serveis l\u2019usuari accepta l\u2019\u00fas que fem de les cookies. No obstant aix\u00f2, l\u2019usuari t\u00e9 l\u2019opci\u00f3 d\u2019impedir la generaci\u00f3 de cookies i l\u2019eliminaci\u00f3 de les mateixes mitjan\u00e7ant la selecci\u00f3 de la corresponent.<\/p>\n\n\n\n<h5 class=\"wp-block-heading\">Qu\u00e8 \u00e9s una&nbsp;cookie?<\/h5>\n\n\n\n<p>Una&nbsp;cookie&nbsp;\u00e9s un petit fragment de text que els llocs web envien al navegador i que s\u2019emmagatzemen en el terminal de l\u2019usuari, el qual pot ser un ordinador personal, un tel\u00e8fon m\u00f2bil, tauleta, etc. Aquests arxius permeten que el lloc web recordi informaci\u00f3 sobre la seva visita, com l\u2019idioma i les opcions preferides, la qual cosa pot facilitar la seva pr\u00f2xima visita i fer que el lloc resulti m\u00e9s \u00fatil en personalitzar el seu contingut. Les cookies exerceixen un paper molt important, en millorar l\u2019experi\u00e8ncia d\u2019\u00fas de la Web.<\/p>\n\n\n\n<h5 class=\"wp-block-heading\">Tipus de cookies<\/h5>\n\n\n\n<p>Segons l\u2019entitat que les gestioni, les cookies poden ser:<\/p>\n\n\n\n<ul class=\"wp-block-list\">\n<li><strong>Cookies pr\u00f2pies:<\/strong>&nbsp;S\u00f3n aquelles que s\u2019envien a l\u2019equip terminal de l\u2019interessat des d\u2019un equip o domini gestionat pel propi editor i des del qual es presta el servei sol\u00b7licitat per l\u2019usuari.<\/li>\n\n\n\n<li><strong>Cookies de tercers:&nbsp;<\/strong>S\u00f3n aquelles que s\u2019envien a l\u2019equip terminal de l\u2019usuari des d\u2019un equip o domini que no \u00e9s gestionat per l\u2019editor, sin\u00f3 per una altra entitat que tracta les dades obtingudes trav\u00e9s de les cookies.<\/li>\n<\/ul>\n\n\n\n<p>Segons el termini de temps que romanen activades:<\/p>\n\n\n\n<ul class=\"wp-block-list\">\n<li><strong>Cookies persistents:<\/strong>&nbsp;S\u00f3n un tipus de cookies en el qual les dades segueixen emmagatzemats en el terminal i poden ser accedits i tractats durant un per\u00edode definit pel responsable de la&nbsp;cookie, i que pot anar d\u2019uns minuts a diversos anys.<\/li>\n<\/ul>\n\n\n\n<p>Segons la finalitat per a la qual es tractin les dades obtingudes a trav\u00e9s de les cookies, la web pot utilitzar:<\/p>\n\n\n\n<p><strong><em>Cookies t\u00e8cniques<\/em><\/strong>&nbsp;\u2013 S\u00f3n aquelles que permeten a l\u2019usuari la navegaci\u00f3 a trav\u00e9s de la p\u00e0gina web o aplicaci\u00f3 i la utilitzaci\u00f3 de les diferents opcions o serveis que en ella existeixen. Per exemple, controlar el tr\u00e0nsit i la comunicaci\u00f3 de dades, identificar la sessi\u00f3, accedir a les parts web d\u2019acc\u00e9s restringit, recordar els elements que integren una comanda, realitzar la sol\u00b7licitud d\u2019inscripci\u00f3 o participaci\u00f3 en un esdeveniment, utilitzar elements de seguretat durant la navegaci\u00f3 i emmagatzemar continguts per a la difusi\u00f3 de v\u00eddeos o so.<\/p>\n\n\n\n<p><strong><em>Cookies de personalitzaci\u00f3&nbsp;<\/em><\/strong>\u2013 S\u00f3n aquelles que permeten a l\u2019usuari accedir al servei amb algunes caracter\u00edstiques de car\u00e0cter general predefinides en la seva terminal o que el propi usuari defineixi. Per exemple, l\u2019idioma, el tipus de navegador a trav\u00e9s del qual accedeix al servei, el disseny de continguts seleccionat, geolocalitzaci\u00f3 del terminal i la configuraci\u00f3 regional des d\u2019on s\u2019accedeix al servei.<\/p>\n\n\n\n<p><strong><em>Cookies d\u2019an\u00e0lisi estad\u00edstica<\/em><\/strong>&nbsp;\u2013 S\u00f3n aquelles que permeten realitzar el seguiment i an\u00e0lisi del comportament dels usuaris en els llocs web. La informaci\u00f3 recollida mitjan\u00e7ant aquesta mena de cookies s\u2019utilitza en el mesurament de l\u2019activitat dels llocs web, aplicaci\u00f3 o plataforma i per a l\u2019elaboraci\u00f3 de perfils de navegaci\u00f3 dels usuaris d\u2019aquests llocs, amb la finalitat d\u2019introduir millores en el servei en funci\u00f3 de les dades d\u2019\u00fas que fan els usuaris.<\/p>\n","protected":false},"excerpt":{"rendered":"<p>Aquest lloc web utilitza cookies pr\u00f2pies i de tercers per a oferir-li una millor experi\u00e8ncia i servei. En navegar o utilitzar els nostres serveis l\u2019usuari accepta l\u2019\u00fas que fem de les cookies. No obstant aix\u00f2, l\u2019usuari t\u00e9 l\u2019opci\u00f3 d\u2019impedir la generaci\u00f3 de cookies i l\u2019eliminaci\u00f3 de les mateixes mitjan\u00e7ant la selecci\u00f3 de la corresponent. Qu\u00e8 [&hellip;]<\/p>\n","protected":false},"author":1,"featured_media":0,"parent":0,"menu_order":0,"comment_status":"closed","ping_status":"closed","template":"","meta":{"footnotes":""},"class_list":["post-433","page","type-page","status-publish","hentry"],"yoast_head":"<!-- This site is optimized with the Yoast SEO plugin v27.4 - https:\/\/yoast.com\/product\/yoast-seo-wordpress\/ -->\n<title>Pol\u00edtica de cookies - Recader Cardenas<\/title>\n<meta name=\"robots\" content=\"noindex, follow\" \/>\n<meta property=\"og:locale\" content=\"es_ES\" \/>\n<meta property=\"og:type\" content=\"article\" \/>\n<meta property=\"og:title\" content=\"Pol\u00edtica de cookies - Recader Cardenas\" \/>\n<meta property=\"og:description\" content=\"Aquest lloc web utilitza cookies pr\u00f2pies i de tercers per a oferir-li una millor experi\u00e8ncia i servei. En navegar o utilitzar els nostres serveis l\u2019usuari accepta l\u2019\u00fas que fem de les cookies. No obstant aix\u00f2, l\u2019usuari t\u00e9 l\u2019opci\u00f3 d\u2019impedir la generaci\u00f3 de cookies i l\u2019eliminaci\u00f3 de les mateixes mitjan\u00e7ant la selecci\u00f3 de la corresponent. Qu\u00e8 [&hellip;]\" \/>\n<meta property=\"og:url\" content=\"https:\/\/recadercardenas.com\/?page_id=433\" \/>\n<meta property=\"og:site_name\" content=\"Recader Cardenas\" \/>\n<meta property=\"article:modified_time\" content=\"2023-04-13T15:08:33+00:00\" \/>\n<meta name=\"twitter:card\" content=\"summary_large_image\" \/>\n<meta name=\"twitter:label1\" content=\"Tiempo de lectura\" \/>\n\t<meta name=\"twitter:data1\" content=\"3 minutos\" \/>\n<script type=\"application\/ld+json\" class=\"yoast-schema-graph\">{\"@context\":\"https:\\\/\\\/schema.org\",\"@graph\":[{\"@type\":\"WebPage\",\"@id\":\"https:\\\/\\\/recadercardenas.com\\\/?page_id=433\",\"url\":\"https:\\\/\\\/recadercardenas.com\\\/?page_id=433\",\"name\":\"Pol\u00edtica de cookies - Recader Cardenas\",\"isPartOf\":{\"@id\":\"https:\\\/\\\/recadercardenas.com\\\/#website\"},\"datePublished\":\"2023-01-26T10:55:03+00:00\",\"dateModified\":\"2023-04-13T15:08:33+00:00\",\"breadcrumb\":{\"@id\":\"https:\\\/\\\/recadercardenas.com\\\/?page_id=433#breadcrumb\"},\"inLanguage\":\"es\",\"potentialAction\":[{\"@type\":\"ReadAction\",\"target\":[\"https:\\\/\\\/recadercardenas.com\\\/?page_id=433\"]}]},{\"@type\":\"BreadcrumbList\",\"@id\":\"https:\\\/\\\/recadercardenas.com\\\/?page_id=433#breadcrumb\",\"itemListElement\":[{\"@type\":\"ListItem\",\"position\":1,\"name\":\"Portada\",\"item\":\"https:\\\/\\\/recadercardenas.com\\\/\"},{\"@type\":\"ListItem\",\"position\":2,\"name\":\"Pol\u00edtica de cookies\"}]},{\"@type\":\"WebSite\",\"@id\":\"https:\\\/\\\/recadercardenas.com\\\/#website\",\"url\":\"https:\\\/\\\/recadercardenas.com\\\/\",\"name\":\"Recader Cardenas\",\"description\":\"Servicio de paqueteria diario\",\"publisher\":{\"@id\":\"https:\\\/\\\/recadercardenas.com\\\/#organization\"},\"potentialAction\":[{\"@type\":\"SearchAction\",\"target\":{\"@type\":\"EntryPoint\",\"urlTemplate\":\"https:\\\/\\\/recadercardenas.com\\\/?s={search_term_string}\"},\"query-input\":{\"@type\":\"PropertyValueSpecification\",\"valueRequired\":true,\"valueName\":\"search_term_string\"}}],\"inLanguage\":\"es\"},{\"@type\":\"Organization\",\"@id\":\"https:\\\/\\\/recadercardenas.com\\\/#organization\",\"name\":\"Recader Cardenas\",\"url\":\"https:\\\/\\\/recadercardenas.com\\\/\",\"logo\":{\"@type\":\"ImageObject\",\"inLanguage\":\"es\",\"@id\":\"https:\\\/\\\/recadercardenas.com\\\/#\\\/schema\\\/logo\\\/image\\\/\",\"url\":\"https:\\\/\\\/recadercardenas.com\\\/wp-content\\\/uploads\\\/2023\\\/01\\\/logo-recader-cardenas.jpg\",\"contentUrl\":\"https:\\\/\\\/recadercardenas.com\\\/wp-content\\\/uploads\\\/2023\\\/01\\\/logo-recader-cardenas.jpg\",\"width\":1561,\"height\":242,\"caption\":\"Recader Cardenas\"},\"image\":{\"@id\":\"https:\\\/\\\/recadercardenas.com\\\/#\\\/schema\\\/logo\\\/image\\\/\"}}]}<\/script>\n<!-- \/ Yoast SEO plugin. -->","yoast_head_json":{"title":"Pol\u00edtica de cookies - Recader Cardenas","robots":{"index":"noindex","follow":"follow"},"og_locale":"es_ES","og_type":"article","og_title":"Pol\u00edtica de cookies - Recader Cardenas","og_description":"Aquest lloc web utilitza cookies pr\u00f2pies i de tercers per a oferir-li una millor experi\u00e8ncia i servei. En navegar o utilitzar els nostres serveis l\u2019usuari accepta l\u2019\u00fas que fem de les cookies. No obstant aix\u00f2, l\u2019usuari t\u00e9 l\u2019opci\u00f3 d\u2019impedir la generaci\u00f3 de cookies i l\u2019eliminaci\u00f3 de les mateixes mitjan\u00e7ant la selecci\u00f3 de la corresponent. Qu\u00e8 [&hellip;]","og_url":"https:\/\/recadercardenas.com\/?page_id=433","og_site_name":"Recader Cardenas","article_modified_time":"2023-04-13T15:08:33+00:00","twitter_card":"summary_large_image","twitter_misc":{"Tiempo de lectura":"3 minutos"},"schema":{"@context":"https:\/\/schema.org","@graph":[{"@type":"WebPage","@id":"https:\/\/recadercardenas.com\/?page_id=433","url":"https:\/\/recadercardenas.com\/?page_id=433","name":"Pol\u00edtica de cookies - Recader Cardenas","isPartOf":{"@id":"https:\/\/recadercardenas.com\/#website"},"datePublished":"2023-01-26T10:55:03+00:00","dateModified":"2023-04-13T15:08:33+00:00","breadcrumb":{"@id":"https:\/\/recadercardenas.com\/?page_id=433#breadcrumb"},"inLanguage":"es","potentialAction":[{"@type":"ReadAction","target":["https:\/\/recadercardenas.com\/?page_id=433"]}]},{"@type":"BreadcrumbList","@id":"https:\/\/recadercardenas.com\/?page_id=433#breadcrumb","itemListElement":[{"@type":"ListItem","position":1,"name":"Portada","item":"https:\/\/recadercardenas.com\/"},{"@type":"ListItem","position":2,"name":"Pol\u00edtica de cookies"}]},{"@type":"WebSite","@id":"https:\/\/recadercardenas.com\/#website","url":"https:\/\/recadercardenas.com\/","name":"Recader Cardenas","description":"Servicio de paqueteria diario","publisher":{"@id":"https:\/\/recadercardenas.com\/#organization"},"potentialAction":[{"@type":"SearchAction","target":{"@type":"EntryPoint","urlTemplate":"https:\/\/recadercardenas.com\/?s={search_term_string}"},"query-input":{"@type":"PropertyValueSpecification","valueRequired":true,"valueName":"search_term_string"}}],"inLanguage":"es"},{"@type":"Organization","@id":"https:\/\/recadercardenas.com\/#organization","name":"Recader Cardenas","url":"https:\/\/recadercardenas.com\/","logo":{"@type":"ImageObject","inLanguage":"es","@id":"https:\/\/recadercardenas.com\/#\/schema\/logo\/image\/","url":"https:\/\/recadercardenas.com\/wp-content\/uploads\/2023\/01\/logo-recader-cardenas.jpg","contentUrl":"https:\/\/recadercardenas.com\/wp-content\/uploads\/2023\/01\/logo-recader-cardenas.jpg","width":1561,"height":242,"caption":"Recader Cardenas"},"image":{"@id":"https:\/\/recadercardenas.com\/#\/schema\/logo\/image\/"}}]}},"_links":{"self":[{"href":"https:\/\/recadercardenas.com\/index.php?rest_route=\/wp\/v2\/pages\/433","targetHints":{"allow":["GET"]}}],"collection":[{"href":"https:\/\/recadercardenas.com\/index.php?rest_route=\/wp\/v2\/pages"}],"about":[{"href":"https:\/\/recadercardenas.com\/index.php?rest_route=\/wp\/v2\/types\/page"}],"author":[{"embeddable":true,"href":"https:\/\/recadercardenas.com\/index.php?rest_route=\/wp\/v2\/users\/1"}],"replies":[{"embeddable":true,"href":"https:\/\/recadercardenas.com\/index.php?rest_route=%2Fwp%2Fv2%2Fcomments&post=433"}],"version-history":[{"count":2,"href":"https:\/\/recadercardenas.com\/index.php?rest_route=\/wp\/v2\/pages\/433\/revisions"}],"predecessor-version":[{"id":786,"href":"https:\/\/recadercardenas.com\/index.php?rest_route=\/wp\/v2\/pages\/433\/revisions\/786"}],"wp:attachment":[{"href":"https:\/\/recadercardenas.com\/index.php?rest_route=%2Fwp%2Fv2%2Fmedia&parent=433"}],"curies":[{"name":"wp","href":"https:\/\/api.w.org\/{rel}","templated":true}]}}