{"id":697,"date":"2023-03-14T11:24:10","date_gmt":"2023-03-14T11:24:10","guid":{"rendered":"http:\/\/recadercardenas.com\/?page_id=697"},"modified":"2025-03-11T09:48:44","modified_gmt":"2025-03-11T09:48:44","slug":"aviso-legal","status":"publish","type":"page","link":"https:\/\/recadercardenas.com\/?page_id=697","title":{"rendered":"Aviso Legal"},"content":{"rendered":"\t\t<div data-elementor-type=\"wp-page\" data-elementor-id=\"697\" class=\"elementor elementor-697\" data-elementor-post-type=\"page\">\n\t\t\t\t\t\t<section class=\"elementor-section elementor-top-section elementor-element elementor-element-7db9bbf elementor-section-boxed elementor-section-height-default elementor-section-height-default\" data-id=\"7db9bbf\" data-element_type=\"section\" data-e-type=\"section\">\n\t\t\t\t\t\t<div class=\"elementor-container elementor-column-gap-default\">\n\t\t\t\t\t<div class=\"elementor-column elementor-col-100 elementor-top-column elementor-element elementor-element-66d3f1f\" data-id=\"66d3f1f\" data-element_type=\"column\" data-e-type=\"column\">\n\t\t\t<div class=\"elementor-widget-wrap elementor-element-populated\">\n\t\t\t\t\t\t<div class=\"elementor-element elementor-element-9759bd6 elementor-widget elementor-widget-text-editor\" data-id=\"9759bd6\" data-element_type=\"widget\" data-e-type=\"widget\" data-widget_type=\"text-editor.default\">\n\t\t\t\t<div class=\"elementor-widget-container\">\n\t\t\t\t\t\t\t\t\t<p><strong>AV\u00cdS LEGAL (<\/strong><a href=\"http:\/\/recadercardenas.com\/\"><strong>http:\/\/recadercardenas.com\/<\/strong><\/a><strong> )<\/strong><\/p><p><strong>1) INFORMACI\u00d3 DEL TITULAR.<\/strong><\/p><p>En compliment de l&#8217;article 10 de la Llei 34\/2002, d&#8217;11 de juliol, de Serveis de la Societat de la Informaci\u00f3 i Comer\u00e7 Electr\u00f2nic, a continuaci\u00f3, s&#8217;exposen les dades identificatives del Titular:<\/p><table width=\"567\"><tbody><tr><td width=\"133\"><p>Web:<\/p><\/td><td width=\"433\"><p><a href=\"http:\/\/recadercardenas.com\/\">http:\/\/recadercardenas.com\/<\/a><\/p><\/td><\/tr><tr><td width=\"133\"><p>Titular:<\/p><\/td><td width=\"433\"><p>RECADER CARDENAS, S.L.<\/p><\/td><\/tr><tr><td width=\"133\"><p>Domicili:<\/p><\/td><td width=\"433\"><p>Carrer del Riu Ter, 1 B , Pol\u00edgon Industrial Pla de La Selva. 17458-Fornell de la Selva<\/p><\/td><\/tr><tr><td width=\"133\"><p>C.I.F.:<\/p><\/td><td width=\"433\"><p>B17279167<\/p><\/td><\/tr><tr><td width=\"133\"><p>Tel\u00e8fon:<\/p><\/td><td width=\"433\"><p>972410707<\/p><\/td><\/tr><tr><td width=\"133\"><p>Correu electr\u00f2nic:<\/p><\/td><td width=\"433\"><span class=\"email-protegit\" data-encoded=\"aW5mb0ByZWNhZGVyY2FyZGVuYXMuY29t\" data-color=\"#000000\"><\/span><\/td><\/tr><tr><td width=\"133\"><p>Dades registrals:<\/p><\/td><td width=\"433\"><p>Tomo 71<\/p><p>Folio 178<\/p><p>Hoja n\u00ba GE 1263<\/p><p>Dia 09-01-1991<\/p><p>Girona<\/p><\/td><\/tr><\/tbody><\/table><p><strong>2) TERMES I CONDICIONS D&#8217;ACC\u00c8S I \u00daS.<\/strong><\/p><p><strong>&#8211; El lloc web.<\/strong><\/p><p>L&#8217;objecte de les presents Condicions Generals d&#8217;\u00das (d&#8217;ara endavant, Condicions) \u00e9s regular l&#8217;acc\u00e9s i la utilitzaci\u00f3 del Lloc web.<\/p><p>RECADER CARDENAS, S.L. es reserva la facultat de modificar, en qualsevol moment, i sense av\u00eds previ, la presentaci\u00f3 i configuraci\u00f3 del Lloc web i dels Continguts i Serveis que en ell poguessin estar incorporats. L&#8217;Usuari reconeix i accepta que en qualsevol moment RECADER CARDENAS, S.L. pugui interrompre, desactivar i\/o cancel\u00b7lar qualsevol d&#8217;aquests elements que s&#8217;integren en el Lloc web o l&#8217;acc\u00e9s a aquests.<\/p><p>L&#8217;acc\u00e9s al Lloc web per l&#8217;Usuari t\u00e9 car\u00e0cter lliure i, per regla general, \u00e9s gratu\u00eft sense que l&#8217;Usuari hagi de proporcionar una contraprestaci\u00f3 per a poder gaudir d&#8217;aix\u00f2, excepte en el relatiu al cost de connexi\u00f3 a trav\u00e9s de la xarxa de telecomunicacions subministrada pel prove\u00efdor d&#8217;acc\u00e9s que hagu\u00e9s contractat l&#8217;Usuari.<\/p><p>La utilitzaci\u00f3 d&#8217;algun dels Continguts o Serveis del Lloc web podr\u00e0 fer-se mitjan\u00e7ant la subscripci\u00f3 o registre previ de l&#8217;Usuari.<\/p><ul><li><strong>L\u2019Usuari.<\/strong><\/li><\/ul><p>L&#8217;acc\u00e9s, la navegaci\u00f3 i \u00fas del Lloc web, (aix\u00ed com pels espais habilitats per a interactuar entre els Usuaris, i l&#8217;Usuari i RECADER CARDENAS, S.L., com els comentaris i\/o espais de blogging en cas d&#8217;haver-los), confereixen la condici\u00f3 d&#8217;Usuari. Pel que l&#8217;Usuari es compromet a utilitzar la p\u00e0gina Web i aquells serveis posats a la seva disposici\u00f3 a trav\u00e9s d&#8217;aquesta, de manera concorde a la Llei, moral, bons costums i ordre p\u00fablic, aix\u00ed com amb el que es disposa en el present clausulat. En conseq\u00fc\u00e8ncia, queda obligat a no utilitzar la Web amb finalitats o efectes il\u00b7l\u00edcits i\/o contraris al que s&#8217;estableix, lesius de drets i\/o interessos de tercers o que, de qualsevol forma, puguin danyar la Web o impedir el seu normal \u00fas, o dels serveis accessibles a trav\u00e9s d&#8217;aquesta.<\/p><p>La utilitzaci\u00f3 de la Web i\/o dels seus Serveis, suposar\u00e0 l&#8217;acceptaci\u00f3 plena i sense reserves, i la validesa, de totes i cadascuna de les cl\u00e0usules recollides en l&#8217;\u00faltima versi\u00f3 actualitzada d&#8217;aquest Av\u00eds Legal, per la qual cosa l&#8217;Usuari haur\u00e0 de ser conscient de la import\u00e0ncia de llegir-les cada vegada que visiti la Web. Al seu torn, no suposa entaular cap mena de relaci\u00f3 de car\u00e0cter comercial entre RECADER CARDENAS, S.L. i l&#8217;Usuari.<\/p><p>L&#8217;acc\u00e9s, la navegaci\u00f3 i \u00fas del Lloc web, confereix la condici\u00f3 d&#8217;Usuari, per la qual cosa s&#8217;accepten, des que s&#8217;inicia la navegaci\u00f3 pel Lloc web, totes les Condicions aqu\u00ed establertes, aix\u00ed com les seves ulteriors modificacions, sense perjudici de l&#8217;aplicaci\u00f3 de la corresponent normativa legal d&#8217;obligat compliment segons el cas. Donada la rellev\u00e0ncia de l&#8217;anterior, es recomana a l&#8217;Usuari llegir-les cada vegada que visiti el Lloc web.<\/p><p>L&#8217;Usuari declara ser major d&#8217;edat i disposar de la capacitat jur\u00eddica suficient per a vincular-se per les presents Condicions. Per tant, aquest Lloc web de RECADER CARDENAS, S.L. no es dirigeix a menors d&#8217;edat. RECADER CARDENAS, S.L. declina qualsevol responsabilitat per l&#8217;incompliment d&#8217;aquest requisit.<\/p><p><strong>3) LA PROPIETAT INTEL\u00b7LECTUAL.<\/strong><\/p><p>A l&#8217;efecte de preservar els possibles drets de propietat intel\u00b7lectual, en el cas que qualsevol usuari\/a o un tercer\/a consideri que s&#8217;ha produ\u00eft una violaci\u00f3 dels seus leg\u00edtims drets per la introducci\u00f3 d&#8217;un determinat contingut en el Web, haur\u00e0 de notificar aquesta circumst\u00e0ncia a RECADER CARDENAS, S.L. indicant:<\/p><p>&#8211; Dades personals de la persona interessada titular dels drets presumptament infringits. Si la reclamaci\u00f3 la presenta un tercer\/a diferent de la persona interessada, haur\u00e0 d&#8217;indicar la representaci\u00f3 amb la qual actua.<\/p><p>&#8211; Indicaci\u00f3 dels continguts protegits pels drets de propietat intel\u00b7lectual i la seva ubicaci\u00f3 en el Web.<\/p><p>&#8211; Acreditaci\u00f3 dels citats drets de propietat intel\u00b7lectual.<\/p><p>&#8211; Declaraci\u00f3 expressa en la qual l&#8217;interessat es responsabilitza de la veracitat de les informacions facilitades en la notificaci\u00f3.<\/p><p>La marca RECADER CARDENAS, S.L. i la corresponent marca gr\u00e0fica \u00e9s marca registrada i queda prohibida la seva reproducci\u00f3 o \u00fas sense l&#8217;autoritzaci\u00f3 del seu titular. Igualment qualsevol una altra marca del RECADER CARDENAS, S.L. que aparegui en els llocs web detallats en l&#8217;apartat 1 d&#8217;aquest av\u00eds.<\/p><p>La legitimitat dels drets de propietat intel\u00b7lectual o industrial corresponents als continguts aportats per tercers\/as \u00e9s de l&#8217;exclusiva responsabilitat d&#8217;els\/les mateixos\/as.<\/p><p><strong>4) EXCLUSI\u00d3 DE RESPONSABILITAT.<\/strong><\/p><p>RECADER CARDENAS, S.L. amb la m\u00e0xima dilig\u00e8ncia possible perqu\u00e8 les dades i la informaci\u00f3 que ofereix en el seu lloc web estigui actualitzada en tot moment. No garanteix ni es fa responsable l&#8217;exactitud i actualitzaci\u00f3 dels continguts del lloc web, reservant-se el dret a modificar aquests continguts en qualsevol moment. RECADER CARDENAS, S.L. tampoc ser\u00e0 responsable de la informaci\u00f3 que es pugui obtenir a trav\u00e9s d&#8217;enlla\u00e7os inclosos en el lloc web.<\/p><p>Les relacions comercials entre clients es regiran per les condicions generals que, si fos necessari, s&#8217;establirien per RECADER CARDENAS, S.L. en un document espec\u00edfic a aquest efecte, o per als pactes concrets que es puguin recordar amb els clients.<\/p><p><strong>5) POL\u00cdTICA DE INFORMACI\u00d3 I PUBLICITAT COMERCIAL.<\/strong><\/p><p>RECADER CARDENAS, S.L. es compromet a trav\u00e9s d&#8217;aquest mitj\u00e0 a no realitzar publicitat enganyosa. A aquest efecte, per tant, no seran considerats com a publicitat enganyosa els errors formals o num\u00e8rics que puguin trobar-se al llarg del contingut de les diferents seccions de la Web, produ\u00efts a conseq\u00fc\u00e8ncia d&#8217;un manteniment i\/o actualitzaci\u00f3 incompleta de la informaci\u00f3 continguda en aquestes seccions. RECADER CARDENAS, S.L., a conseq\u00fc\u00e8ncia del que es disposa en aquest apartat, es compromet a corregir-lo tan aviat com tingui coneixement d&#8217;aquests errors.<\/p><p>RECADER CARDENAS, S.L. es compromet a no remetre comunicacions comercials sense identificar-les com a tals, conforme al que es disposa en la Llei 34\/2002 de Serveis de la Societat de la Informaci\u00f3 i de comer\u00e7 electr\u00f2nic. A aquest efecte no ser\u00e0 considerat com a comunicaci\u00f3 comercial tota la informaci\u00f3 que s&#8217;envi\u00ef als clients de RECADER CARDENAS, S.L. que tingui per finalitat el manteniment de la relaci\u00f3 contractual existent entre client i RECADER CARDENAS, S.L., aix\u00ed com l&#8217;acompliment de les tasques d&#8217;informaci\u00f3 i altres activitats pr\u00f2pies del servei que el client t\u00e9 contractat.<\/p><p>En el cas de rebre comunicacions per aquests mitjans (correus electr\u00f2nics, missatges de resposta automatitzada de formularis, i altres sistemes de comunicaci\u00f3) l&#8217;informem que els missatges es dirigeixen exclusivament al seu destinatari i pot contenir informaci\u00f3 privilegiada o confidencial. Si no \u00e9s vost\u00e8 el destinatari indicat, queda notificat que la utilitzaci\u00f3, divulgaci\u00f3 i\/o c\u00f2pia sense autoritzaci\u00f3 est\u00e0 prohibida en virtut de la legislaci\u00f3 vigent.<\/p><p>De conformitat amb el que s&#8217;estableix en la Llei 34\/2002 d&#8217;11 de juliol, de Serveis de la Societat de la Informaci\u00f3 i del Comer\u00e7 Electr\u00f2nic, i la Directiva 2002\/58\/CE li comuniquem que en el cas que no desitgi rebre comunicacions i informacions d&#8217;\u00edndole comercial mitjan\u00e7ant aquest sistema de comunicaci\u00f3 electr\u00f2nica, ens l&#8217;indiqui per aquesta mateixa via indicant en l&#8217;assumpte BAIXA COMUNICACIONS perqu\u00e8 les seves dades personals siguin donats de baixa de la nostra base de dades. La seva sol\u00b7licitud ser\u00e0 accionada en un termini de 10 dies des del seu enviament. En el cas que no rebem contestaci\u00f3 expressa per part seva, entendrem que accepta i autoritza que la nostra empresa continu\u00ef realitzant les referides comunicacions.<\/p><p><strong>6) POL\u00cdTICA D&#8217;ENLLA\u00c7OS.<\/strong><\/p><p>L&#8217;Usuari o tercer que realitzi un hipervincle des d&#8217;una p\u00e0gina web d&#8217;un altre, diferent, lloc web haur\u00e0 de saber que:<\/p><p>No es permet la reproducci\u00f3 -totalment o parcialment- de cap dels Continguts i\/o Serveis del Lloc web sense autoritzaci\u00f3 expressa de RECADER CARDENAS, S.L..<\/p><p>No es permet tampoc cap manifestaci\u00f3 falsa, inexacta o incorrecta sobre el Lloc web de RECADER CARDENAS, S.L., ni sobre els Continguts i\/o Serveis d&#8217;aquest.<\/p><p>A excepci\u00f3 de l&#8217;enlla\u00e7, el lloc web en el qual s&#8217;estableixi aquest enlla\u00e7 no contindr\u00e0 cap element, d&#8217;aquest Lloc web, protegit com a propietat intel\u00b7lectual per l&#8217;ordenament jur\u00eddic espanyol, excepte autoritzaci\u00f3 expressa de RECADER CARDENAS, S.L..<\/p><p>L&#8217;establiment de l&#8217;enlla\u00e7 no implicar\u00e0 l&#8217;exist\u00e8ncia de relacions entre RECADER CARDENAS, S.L. i el titular del lloc web des del qual es realitzi, ni el coneixement i acceptaci\u00f3 de RECADER CARDENAS, S.L. dels continguts, serveis i\/o activitats ofertes en aquest lloc web, i viceversa.<\/p><p><strong>7) XARXES SOCIALS.<\/strong><\/p><p>L&#8217;informem que pot tenir pres\u00e8ncia en xarxes socials. El tractament de les dades que es dugui a terme de les persones que es facin seguidores en les xarxes socials (i\/o realitzin qualsevol vincle o acci\u00f3 de connexi\u00f3 a trav\u00e9s de les xarxes socials) de les p\u00e0gines oficials des regir\u00e0 per aquest apartat, aix\u00ed com per aquelles condicions d&#8217;\u00fas, pol\u00edtiques de privacitat i normatives d&#8217;acc\u00e9s que pertanyin a la xarxa social que procedeixi en cada cas i acceptades pr\u00e8viament per l&#8217;usuari.<\/p><p><strong>8) JURISDICCI\u00d3 I LLEIS APLICABLES.<\/strong><\/p><p>L&#8217;\u00fas d&#8217;aquest lloc web implica l&#8217;acceptaci\u00f3 plena dels termes del present av\u00eds legal. El present Av\u00eds Legal i totes les relacions que s&#8217;estableixin entre RECADER CARDENAS, S.L. l&#8217;Usuari de la Web i els seus serveis es regiran pel que s&#8217;estableix en la legislaci\u00f3 espanyola.<\/p><p><u>\u00daltima actualitzaci\u00f3: 09\/03\/23<\/u><\/p>\t\t\t\t\t\t\t\t<\/div>\n\t\t\t\t<\/div>\n\t\t\t\t\t<\/div>\n\t\t<\/div>\n\t\t\t\t\t<\/div>\n\t\t<\/section>\n\t\t\t\t<\/div>\n\t\t","protected":false},"excerpt":{"rendered":"<p>AV\u00cdS LEGAL (http:\/\/recadercardenas.com\/ ) 1) INFORMACI\u00d3 DEL TITULAR. En compliment de l&#8217;article 10 de la Llei 34\/2002, d&#8217;11 de juliol, de Serveis de la Societat de la Informaci\u00f3 i Comer\u00e7 Electr\u00f2nic, a continuaci\u00f3, s&#8217;exposen les dades identificatives del Titular: Web: http:\/\/recadercardenas.com\/ Titular: RECADER CARDENAS, S.L. Domicili: Carrer del Riu Ter, 1 B , Pol\u00edgon Industrial [&hellip;]<\/p>\n","protected":false},"author":1,"featured_media":0,"parent":0,"menu_order":0,"comment_status":"closed","ping_status":"closed","template":"","meta":{"footnotes":""},"class_list":["post-697","page","type-page","status-publish","hentry"],"yoast_head":"<!-- This site is optimized with the Yoast SEO plugin v27.4 - https:\/\/yoast.com\/product\/yoast-seo-wordpress\/ -->\n<title>Aviso Legal - Recader Cardenas<\/title>\n<meta name=\"robots\" content=\"noindex, follow\" \/>\n<meta property=\"og:locale\" content=\"es_ES\" \/>\n<meta property=\"og:type\" content=\"article\" \/>\n<meta property=\"og:title\" content=\"Aviso Legal - Recader Cardenas\" \/>\n<meta property=\"og:description\" content=\"AV\u00cdS LEGAL (http:\/\/recadercardenas.com\/ ) 1) INFORMACI\u00d3 DEL TITULAR. En compliment de l&#8217;article 10 de la Llei 34\/2002, d&#8217;11 de juliol, de Serveis de la Societat de la Informaci\u00f3 i Comer\u00e7 Electr\u00f2nic, a continuaci\u00f3, s&#8217;exposen les dades identificatives del Titular: Web: http:\/\/recadercardenas.com\/ Titular: RECADER CARDENAS, S.L. Domicili: Carrer del Riu Ter, 1 B , Pol\u00edgon Industrial [&hellip;]\" \/>\n<meta property=\"og:url\" content=\"https:\/\/recadercardenas.com\/?page_id=697\" \/>\n<meta property=\"og:site_name\" content=\"Recader Cardenas\" \/>\n<meta property=\"article:modified_time\" content=\"2025-03-11T09:48:44+00:00\" \/>\n<meta name=\"twitter:card\" content=\"summary_large_image\" \/>\n<meta name=\"twitter:label1\" content=\"Tiempo de lectura\" \/>\n\t<meta name=\"twitter:data1\" content=\"7 minutos\" \/>\n<script type=\"application\/ld+json\" class=\"yoast-schema-graph\">{\"@context\":\"https:\\\/\\\/schema.org\",\"@graph\":[{\"@type\":\"WebPage\",\"@id\":\"https:\\\/\\\/recadercardenas.com\\\/?page_id=697\",\"url\":\"https:\\\/\\\/recadercardenas.com\\\/?page_id=697\",\"name\":\"Aviso Legal - Recader Cardenas\",\"isPartOf\":{\"@id\":\"https:\\\/\\\/recadercardenas.com\\\/#website\"},\"datePublished\":\"2023-03-14T11:24:10+00:00\",\"dateModified\":\"2025-03-11T09:48:44+00:00\",\"breadcrumb\":{\"@id\":\"https:\\\/\\\/recadercardenas.com\\\/?page_id=697#breadcrumb\"},\"inLanguage\":\"es\",\"potentialAction\":[{\"@type\":\"ReadAction\",\"target\":[\"https:\\\/\\\/recadercardenas.com\\\/?page_id=697\"]}]},{\"@type\":\"BreadcrumbList\",\"@id\":\"https:\\\/\\\/recadercardenas.com\\\/?page_id=697#breadcrumb\",\"itemListElement\":[{\"@type\":\"ListItem\",\"position\":1,\"name\":\"Portada\",\"item\":\"https:\\\/\\\/recadercardenas.com\\\/\"},{\"@type\":\"ListItem\",\"position\":2,\"name\":\"Aviso Legal\"}]},{\"@type\":\"WebSite\",\"@id\":\"https:\\\/\\\/recadercardenas.com\\\/#website\",\"url\":\"https:\\\/\\\/recadercardenas.com\\\/\",\"name\":\"Recader Cardenas\",\"description\":\"Servicio de paqueteria diario\",\"publisher\":{\"@id\":\"https:\\\/\\\/recadercardenas.com\\\/#organization\"},\"potentialAction\":[{\"@type\":\"SearchAction\",\"target\":{\"@type\":\"EntryPoint\",\"urlTemplate\":\"https:\\\/\\\/recadercardenas.com\\\/?s={search_term_string}\"},\"query-input\":{\"@type\":\"PropertyValueSpecification\",\"valueRequired\":true,\"valueName\":\"search_term_string\"}}],\"inLanguage\":\"es\"},{\"@type\":\"Organization\",\"@id\":\"https:\\\/\\\/recadercardenas.com\\\/#organization\",\"name\":\"Recader Cardenas\",\"url\":\"https:\\\/\\\/recadercardenas.com\\\/\",\"logo\":{\"@type\":\"ImageObject\",\"inLanguage\":\"es\",\"@id\":\"https:\\\/\\\/recadercardenas.com\\\/#\\\/schema\\\/logo\\\/image\\\/\",\"url\":\"https:\\\/\\\/recadercardenas.com\\\/wp-content\\\/uploads\\\/2023\\\/01\\\/logo-recader-cardenas.jpg\",\"contentUrl\":\"https:\\\/\\\/recadercardenas.com\\\/wp-content\\\/uploads\\\/2023\\\/01\\\/logo-recader-cardenas.jpg\",\"width\":1561,\"height\":242,\"caption\":\"Recader Cardenas\"},\"image\":{\"@id\":\"https:\\\/\\\/recadercardenas.com\\\/#\\\/schema\\\/logo\\\/image\\\/\"}}]}<\/script>\n<!-- \/ Yoast SEO plugin. -->","yoast_head_json":{"title":"Aviso Legal - Recader Cardenas","robots":{"index":"noindex","follow":"follow"},"og_locale":"es_ES","og_type":"article","og_title":"Aviso Legal - Recader Cardenas","og_description":"AV\u00cdS LEGAL (http:\/\/recadercardenas.com\/ ) 1) INFORMACI\u00d3 DEL TITULAR. En compliment de l&#8217;article 10 de la Llei 34\/2002, d&#8217;11 de juliol, de Serveis de la Societat de la Informaci\u00f3 i Comer\u00e7 Electr\u00f2nic, a continuaci\u00f3, s&#8217;exposen les dades identificatives del Titular: Web: http:\/\/recadercardenas.com\/ Titular: RECADER CARDENAS, S.L. Domicili: Carrer del Riu Ter, 1 B , Pol\u00edgon Industrial [&hellip;]","og_url":"https:\/\/recadercardenas.com\/?page_id=697","og_site_name":"Recader Cardenas","article_modified_time":"2025-03-11T09:48:44+00:00","twitter_card":"summary_large_image","twitter_misc":{"Tiempo de lectura":"7 minutos"},"schema":{"@context":"https:\/\/schema.org","@graph":[{"@type":"WebPage","@id":"https:\/\/recadercardenas.com\/?page_id=697","url":"https:\/\/recadercardenas.com\/?page_id=697","name":"Aviso Legal - Recader Cardenas","isPartOf":{"@id":"https:\/\/recadercardenas.com\/#website"},"datePublished":"2023-03-14T11:24:10+00:00","dateModified":"2025-03-11T09:48:44+00:00","breadcrumb":{"@id":"https:\/\/recadercardenas.com\/?page_id=697#breadcrumb"},"inLanguage":"es","potentialAction":[{"@type":"ReadAction","target":["https:\/\/recadercardenas.com\/?page_id=697"]}]},{"@type":"BreadcrumbList","@id":"https:\/\/recadercardenas.com\/?page_id=697#breadcrumb","itemListElement":[{"@type":"ListItem","position":1,"name":"Portada","item":"https:\/\/recadercardenas.com\/"},{"@type":"ListItem","position":2,"name":"Aviso Legal"}]},{"@type":"WebSite","@id":"https:\/\/recadercardenas.com\/#website","url":"https:\/\/recadercardenas.com\/","name":"Recader Cardenas","description":"Servicio de paqueteria diario","publisher":{"@id":"https:\/\/recadercardenas.com\/#organization"},"potentialAction":[{"@type":"SearchAction","target":{"@type":"EntryPoint","urlTemplate":"https:\/\/recadercardenas.com\/?s={search_term_string}"},"query-input":{"@type":"PropertyValueSpecification","valueRequired":true,"valueName":"search_term_string"}}],"inLanguage":"es"},{"@type":"Organization","@id":"https:\/\/recadercardenas.com\/#organization","name":"Recader Cardenas","url":"https:\/\/recadercardenas.com\/","logo":{"@type":"ImageObject","inLanguage":"es","@id":"https:\/\/recadercardenas.com\/#\/schema\/logo\/image\/","url":"https:\/\/recadercardenas.com\/wp-content\/uploads\/2023\/01\/logo-recader-cardenas.jpg","contentUrl":"https:\/\/recadercardenas.com\/wp-content\/uploads\/2023\/01\/logo-recader-cardenas.jpg","width":1561,"height":242,"caption":"Recader Cardenas"},"image":{"@id":"https:\/\/recadercardenas.com\/#\/schema\/logo\/image\/"}}]}},"_links":{"self":[{"href":"https:\/\/recadercardenas.com\/index.php?rest_route=\/wp\/v2\/pages\/697","targetHints":{"allow":["GET"]}}],"collection":[{"href":"https:\/\/recadercardenas.com\/index.php?rest_route=\/wp\/v2\/pages"}],"about":[{"href":"https:\/\/recadercardenas.com\/index.php?rest_route=\/wp\/v2\/types\/page"}],"author":[{"embeddable":true,"href":"https:\/\/recadercardenas.com\/index.php?rest_route=\/wp\/v2\/users\/1"}],"replies":[{"embeddable":true,"href":"https:\/\/recadercardenas.com\/index.php?rest_route=%2Fwp%2Fv2%2Fcomments&post=697"}],"version-history":[{"count":11,"href":"https:\/\/recadercardenas.com\/index.php?rest_route=\/wp\/v2\/pages\/697\/revisions"}],"predecessor-version":[{"id":875,"href":"https:\/\/recadercardenas.com\/index.php?rest_route=\/wp\/v2\/pages\/697\/revisions\/875"}],"wp:attachment":[{"href":"https:\/\/recadercardenas.com\/index.php?rest_route=%2Fwp%2Fv2%2Fmedia&parent=697"}],"curies":[{"name":"wp","href":"https:\/\/api.w.org\/{rel}","templated":true}]}}